{"id":221043,"date":"2025-02-13T16:27:54","date_gmt":"2025-02-13T15:27:54","guid":{"rendered":"https:\/\/www.uauu.cat\/?page_id=221043"},"modified":"2025-10-02T12:42:53","modified_gmt":"2025-10-02T10:42:53","slug":"aviso-legal","status":"publish","type":"page","link":"https:\/\/www.uauu.cat\/es\/aviso-legal\/","title":{"rendered":"Aviso legal"},"content":{"rendered":"[et_pb_section fb_built=\u00bb1&#8243; custom_padding_last_edited=\u00bbon|tablet\u00bb admin_label=\u00bbHero\u00bb _builder_version=\u00bb4.27.0&#8243; use_background_color_gradient=\u00bbon\u00bb background_color_gradient_direction=\u00bb90deg\u00bb background_color_gradient_stops=\u00bbrgba(253,247,226,0.2) 89%|#0a0a0a 89%\u00bb background_color_gradient_start=\u00bb#F0EDEE\u00bb background_color_gradient_start_position=\u00bb65%\u00bb background_color_gradient_end=\u00bb#F9F6F5&#8243; background_color_gradient_end_position=\u00bb0%\u00bb background_image=\u00bbhttps:\/\/www.uauu.cat\/wp-content\/uploads\/2025\/02\/como-elegir-ramo-novia-ideal.jpg\u00bb background_size=\u00bbinitial\u00bb background_position=\u00bbtop_left\u00bb background_vertical_offset=\u00bb76%\u00bb custom_padding=\u00bb78px||65px|||\u00bb custom_padding_tablet=\u00bb0vw|||\u00bb custom_padding_phone=\u00bb\u00bb global_colors_info=\u00bb{}\u00bb][et_pb_row make_equal=\u00bbon\u00bb disabled_on=\u00bboff|off|off\u00bb _builder_version=\u00bb4.27.0&#8243; background_enable_color=\u00bboff\u00bb background_enable_video_mp4=\u00bboff\u00bb width=\u00bb100%\u00bb max_width=\u00bb100%\u00bb use_custom_width=\u00bbon\u00bb width_unit=\u00bboff\u00bb custom_width_percent=\u00bb100%\u00bb global_colors_info=\u00bb{}\u00bb][et_pb_column type=\u00bb4_4&#8243; _builder_version=\u00bb4.25.0&#8243; background_enable_image=\u00bboff\u00bb custom_padding=\u00bb|||\u00bb global_colors_info=\u00bb{}\u00bb custom_padding__hover=\u00bb|||\u00bb][et_pb_text _builder_version=\u00bb4.27.4&#8243; _module_preset=\u00bbdefault\u00bb header_font=\u00bb&#8211;et_global_body_font||||||||\u00bb header_text_align=\u00bbcenter\u00bb header_text_color=\u00bb#FFFFFF\u00bb header_font_size=\u00bb39px\u00bb global_colors_info=\u00bb{}\u00bb]\n<h1>Aviso legal y condiciones de uso del sitio web<\/h1>\n[\/et_pb_text][\/et_pb_column][\/et_pb_row][\/et_pb_section][et_pb_section fb_built=\u00bb1&#8243; _builder_version=\u00bb4.27.0&#8243; _module_preset=\u00bbdefault\u00bb custom_padding=\u00bb1px|||||\u00bb global_colors_info=\u00bb{}\u00bb][et_pb_row _builder_version=\u00bb4.27.0&#8243; _module_preset=\u00bbdefault\u00bb global_colors_info=\u00bb{}\u00bb][et_pb_column type=\u00bb4_4&#8243; _builder_version=\u00bb4.27.0&#8243; _module_preset=\u00bbdefault\u00bb global_colors_info=\u00bb{}\u00bb][et_pb_text _builder_version=\u00bb4.27.4&#8243; _module_preset=\u00bbdefault\u00bb text_font=\u00bb&#8211;et_global_body_font||||||||\u00bb link_font=\u00bb||||on||||\u00bb link_text_color=\u00bb#874800&#8243; header_3_font=\u00bb&#8211;et_global_body_font||||||||\u00bb header_3_text_color=\u00bb#4D4D4D\u00bb global_colors_info=\u00bb{}\u00bb]\n<p>De acuerdo con el deber de informaci\u00f3n establecido en la Ley 34\/2002, de 11 de julio, de Servicios de la Informaci\u00f3n y Comercio Electr\u00f3nico, a continuaci\u00f3n se indican los datos de informaci\u00f3n general del sitio web www.uauu.cat<\/p>\n<table style=\"height: 249px;\" width=\"886\">\n<tbody>\n<tr>\n<td colspan=\"2\" width=\"566\"><strong>Datos identificativos<\/strong><\/td>\n<\/tr>\n<tr>\n<td width=\"141\"><strong>Identidad<\/strong><\/td>\n<td width=\"425\">CAROL GASTRONOMIA, SL<\/td>\n<\/tr>\n<tr>\n<td width=\"141\"><strong>CIF<\/strong><\/td>\n<td width=\"425\">B-66216946<\/td>\n<\/tr>\n<tr>\n<td width=\"141\"><strong>Datos registrales<\/strong><\/td>\n<td width=\"425\">Inscrita en el Registro Mercantil de Barcelona, Tomo 44141, Folio 0036, Hoja 447897, inscripci\u00f3n: 1.<\/td>\n<\/tr>\n<tr>\n<td width=\"141\"><strong>Direcci\u00f3n postal<\/strong><\/td>\n<td width=\"425\">Avda. Mestre Muntaner, 44. 08700 Igualada, Barcelona.<\/td>\n<\/tr>\n<tr>\n<td width=\"141\"><strong>Tel\u00e9fono<\/strong><\/td>\n<td width=\"425\">634 438 736<\/td>\n<\/tr>\n<tr>\n<td width=\"141\"><strong>Correo electr\u00f3nico<\/strong><\/td>\n<td width=\"425\"><a href=\"mailto:info@uauu.cat\">info@uauu.cat<\/a><\/td>\n<\/tr>\n<\/tbody>\n<\/table>\n<h3><\/h3>\n<h2>T\u00c9RMINOS Y CONDICIONES DE USO<\/h2>\n<p>El acceso y utilizaci\u00f3n de este Sitio Web otorga la condici\u00f3n de Usuario e implica la plena aceptaci\u00f3n de las condiciones de uso de este, recogidas en el presente Aviso Legal. Le rogamos que las lea atentamente. El hecho de acceder a este Sitio Web y utilizar los materiales que contiene, implica que usted ha le\u00eddo y acepta, sin reserva alguna, estas condiciones. En caso de no estar conforme con estas, el Usuario se abstendr\u00e1 de utilizar el Sitio Web.<\/p>\n<p>Con el fin de cumplir con la normativa, este Aviso Legal est\u00e1 sujeto a cambios y actualizaciones, por lo que recomendamos al Usuario su lectura y revisi\u00f3n siempre que acceda a la web.<\/p>\n<p>Sin embargo, algunos de los servicios ofrecidos a trav\u00e9s del Sitio Web pueden estar sujetos, adem\u00e1s de a las condiciones que se describen en el presente Aviso Legal, a sus propias condiciones particulares de uso que, en su caso, tambi\u00e9n ser\u00e1n aplicables. En consecuencia, la navegaci\u00f3n del Usuario en el Sitio Web supone, no s\u00f3lo la aceptaci\u00f3n del presente Aviso Legal, sino tambi\u00e9n la plena aceptaci\u00f3n de estas condiciones particulares cuando sean de aplicaci\u00f3n.<\/p>\n<h3>1.- Condiciones de uso<\/h3>\n<p>Este Sitio Web contiene materiales preparados por la empresa, o por sus prestadores de servicios, con car\u00e1cter meramente informativo y de consulta. Sin embargo, puede incluir enlaces o links que pueden conducir al Usuario a otros sitios y p\u00e1ginas web gestionados por terceros, de los que CAROL GASTRONOM\u00cdA, SL no responder\u00e1 ni de sus contenidos, ni del estado de estos Sitios Web, y tampoco implica recomendaci\u00f3n o aprobaci\u00f3n sobre sus contenidos.<\/p>\n<p>Las informaciones contenidas en el Sitio Web son las vigentes a la fecha de la \u00faltima actualizaci\u00f3n y deben considerarse indicativas por el Usuario. Para cualquier cuesti\u00f3n que pudiera surgir sobre los contenidos, actividades comerciales, productos y servicios, resulta de aplicaci\u00f3n la normativa reguladora vigente, siendo los \u00f3rganos jurisdiccionales los competentes para conocer de los eventuales asuntos.<\/p>\n<p>En todo caso, CAROL GASTRONOM\u00cdA, SL se reserva todos los derechos para modificar, limitar o cancelar el acceso y contenidos del Sitio Web en cualquier momento, as\u00ed como la facultad de efectuar modificaciones en la configuraci\u00f3n o en la presentaci\u00f3n de la su web.<\/p>\n<p>Sin perjuicio de los derechos legales del Usuario del Sitio Web y, en su caso, los derechos reconocidos a los consumidores, CAROL GASTRONOM\u00cdA, SL no garantiza la disponibilidad, acceso y continuidad del funcionamiento del Sitio Web, de sus servicios y sus contenidos. Siempre que sea posible, CAROL GASTRONOM\u00cdA, SL avisar\u00e1 con car\u00e1cter previo al Usuario de las interrupciones en el Sitio Web. Sin embargo, no ser\u00e1 responsable de los da\u00f1os y perjuicios sufridos por \u00e9ste debido a la falta de disponibilidad, acceso o continuidad del Sitio Web o de cualquiera de sus servicios o contenidos. Sin embargo, CAROL GASTRONOM\u00cdA, SL omite cualquier tipo de responsabilidad que pudiera derivarse de la existencia de problemas t\u00e9cnicos o fallos mec\u00e1nicos en los equipos inform\u00e1ticos producidos durante la conexi\u00f3n a Internet.<\/p>\n<h3>2. &#8211; Limitaci\u00f3n de responsabilidad<\/h3>\n<p>El Usuario se compromete a hacer un uso diligente del presente Sitio Web, de conformidad con la legislaci\u00f3n vigente, el presente Aviso Legal, las condiciones particulares en caso de existir, y cualquier otra comunicaci\u00f3n puesta en su conocimiento a trav\u00e9s de este u otro medio, as\u00ed como las normas de convivencia, la moral y las buenas costumbres generalmente aceptadas. CAROL GASTRONOM\u00cdA, SL no se responsabiliza de la incorrecta utilizaci\u00f3n que los usuarios realicen sobre la informaci\u00f3n o contenidos del servicio, siendo estos actos de la exclusiva responsabilidad del Usuario.<\/p>\n<p>CAROL GASTRONOM\u00cdA, SL, ni las personas de su organizaci\u00f3n, se hacen responsables de los errores u omisiones en los contenidos publicados, dado que son meramente de car\u00e1cter informativo. Sin embargo, CAROL GASTRONOM\u00cdA, SL no se hace responsable de cualquier da\u00f1o que pudiera derivarse de la utilizaci\u00f3n de este Sitio Web o de cualquier actuaci\u00f3n realizada sobre la base de la informaci\u00f3n que aqu\u00ed se facilita.<\/p>\n<p>En cualquier caso, CAROL GASTRONOM\u00cdA, SL no asume la responsabilidad de las interpretaciones del Usuario sobre la informaci\u00f3n contenida en su Sitio Web.\u00a0<\/p>\n<h3>3. &#8211; Derechos de Propiedad Intelectual<\/h3>\n<p>Quedan reservados a favor de CAROL GASTRONOM\u00cdA, SL todos los derechos de propiedad intelectual sobre la totalidad del contenido de este Sitio Web, ya sean textos, im\u00e1genes, sonido, ficheros, marcas, logotipos, combinaciones de colores, o cualquier otro elemento. Su estructura y dise\u00f1o, la selecci\u00f3n y forma de presentaci\u00f3n de los materiales incluidos, as\u00ed como los programas de ordenador e inform\u00e1ticos necesarios para su funcionamiento, acceso y utilizaci\u00f3n, los cuales est\u00e1n protegidos por derechos de propiedad industrial e intelectual, titularidad de CAROL GASTRONOM\u00cdA, SL y \/ o de sus colaboradores y\/o sociedades participadas.<\/p>\n<p>Est\u00e1 prohibida la reproducci\u00f3n, transformaci\u00f3n, distribuci\u00f3n, comunicaci\u00f3n p\u00fablica, puesta a disposici\u00f3n del p\u00fablico y en general cualquier otra forma de explotaci\u00f3n, por cualquier procedimiento, de todo o parte de los contenidos de este Sitio Web, as\u00ed como de su dise\u00f1o y la selecci\u00f3n y forma de presentaci\u00f3n de los materiales incluidos.<\/p>\n<p>Se proh\u00edbe descompilar, desensamblar o realizar ingenier\u00eda inversa, as\u00ed como suprimir, alterar, eludir o manipular cualquier dispositivo de protecci\u00f3n o sistemas de seguridad que puedan estar instalados.<\/p>\n<p>Cualquier uso no autorizado del software o del contenido de este Sitio Web puede suponer el incumplimiento de las leyes de Propiedad Intelectual, Propiedad Industrial, derechos personales, derechos de publicidad y de comunicaci\u00f3n y, por tanto, CAROL GASTRONOM\u00cdA, SL, podr\u00e1 ejercer todas las acciones civiles o penales que correspondan contra quien lesione sus derechos.<\/p>\n<h3>\u00a04.- Veracidad y confidencialidad de los datos propios<\/h3>\n<p>La informaci\u00f3n que el Usuario facilite a trav\u00e9s del Sitio Web y\/o mediante cualquier otro canal de comunicaci\u00f3n, deber\u00e1 ser veraz, completa, precisa y actualizada. A tal efecto, el Usuario garantiza la autenticidad de todos aquellos datos que se comuniquen, siendo el \u00fanico responsable de las manifestaciones falsas o inexactas que realice y de los perjuicios que con estas pueda causar a CAROL GASTRONOM\u00cdA, SL, o a terceros. Asimismo, el Usuario ser\u00e1 el \u00fanico responsable de las informaciones que facilite referentes a terceras personas.<\/p>\n<p>El Usuario se compromete a mantener la confidencialidad de sus datos y credenciales de acceso a su \u00e1rea privada, en caso de tenerlos, as\u00ed como de las actividades, gestiones y tr\u00e1mites que en esta se puedan llevar a cabo. En el supuesto de que un tercero realice un uso ileg\u00edtimo o fraudulento de la cuenta y\/o credenciales del Usuario, o bien que ponga en riesgo la seguridad, el Usuario deber\u00e1 notificarlo a CAROL GASTRONOM\u00cdA, SL inmediatamente para adoptar las medidas necesarias para prevenir y reducir los posibles riesgos que se puedan derivar.<\/p>\n<h3>5.- Cookies y pol\u00edtica antispamming<\/h3>\n<p>Este Sitio Web utiliza cookies propias y de terceros para personalizar la navegaci\u00f3n, mejorando sus servicios y mostrar publicidad relacionada con las preferencias del Usuario mediante el an\u00e1lisis de sus h\u00e1bitos de navegaci\u00f3n. El Usuario deber\u00e1 aceptar la Pol\u00edtica de Cookies de forma expresa y la podr\u00e1 consultar en cualquier momento accediendo al apartado web correspondiente.<\/p>\n<p>CAROL GASTRONOM\u00cdA, SL es contraria a la pr\u00e1ctica del SPAM (env\u00edo masivo y continuado al correo electr\u00f3nico de mensajes publicitarios, normalmente comerciales, dirigidos a una pluralidad de personas y no solicitados). Es por tanto que los usuarios y terceros perjudicados por la recepci\u00f3n de SPAM, el env\u00edo no haya sido previamente consentido, o se pretenda cancelar, pueden ponerse en contacto con CAROL GASTRONOM\u00cdA, SL a info@uauu.cat para adoptar las medidas necesarias que lo eviten.<\/p>\n<h3>6.- Protecci\u00f3n de datos<\/h3>\n<p>Algunos de los servicios incluidos en este Sitio Web exigen la recogida de datos personales del usuario para su correcta prestaci\u00f3n. El Usuario, antes de facilitar a CAROL GASTRONOM\u00cdA, SL sus datos, deber\u00e1 leer y aceptar la Pol\u00edtica de Protecci\u00f3n de Datos que podr\u00e1 encontrar en el apartado web habilitado, as\u00ed como a los formularios y \/ o documentos habilitados para la introducci\u00f3n de datos, seg\u00fan proceda.<\/p>\n<h3>7.- Jurisdicci\u00f3n y legislaci\u00f3n aplicable<\/h3>\n<p>La legislaci\u00f3n aplicable al contenido de este Sitio Web ser\u00e1 la vigente en el \u00e1mbito territorial y la jurisdicci\u00f3n a la que se somete CAROL GASTRONOM\u00cdA, SL para la resoluci\u00f3n de cualquier conflicto o cuesti\u00f3n litigiosa que pudiera derivarse de su relaci\u00f3n con el Usuario es la de los Juzgados de Igualada.<\/p>\n[\/et_pb_text][\/et_pb_column][\/et_pb_row][\/et_pb_section]\n","protected":false},"excerpt":{"rendered":"<p>Aviso legal y condiciones de uso del sitio webDe acuerdo con el deber de informaci\u00f3n establecido en la Ley 34\/2002, de 11 de julio, de Servicios de la Informaci\u00f3n y Comercio Electr\u00f3nico, a continuaci\u00f3n se indican los datos de informaci\u00f3n general del sitio web www.uauu.cat Datos identificativos Identidad CAROL GASTRONOMIA, SL CIF B-66216946 Datos registrales [&hellip;]<\/p>\n","protected":false},"author":4,"featured_media":0,"parent":0,"menu_order":0,"comment_status":"closed","ping_status":"closed","template":"","meta":{"_et_pb_use_builder":"on","_et_pb_old_content":"","_et_gb_content_width":"","_monsterinsights_skip_tracking":false,"_monsterinsights_sitenote_active":false,"_monsterinsights_sitenote_note":"","_monsterinsights_sitenote_category":0,"_joinchat":[],"footnotes":""},"class_list":["post-221043","page","type-page","status-publish","hentry"],"yoast_head":"<!-- This site is optimized with the Yoast SEO plugin v27.4 - https:\/\/yoast.com\/product\/yoast-seo-wordpress\/ -->\n<title>Aviso legal - UAUU weddings &amp; events<\/title>\n<meta name=\"robots\" content=\"index, follow, max-snippet:-1, max-image-preview:large, max-video-preview:-1\" \/>\n<link rel=\"canonical\" href=\"https:\/\/www.uauu.cat\/es\/aviso-legal\/\" \/>\n<meta property=\"og:locale\" content=\"es_ES\" \/>\n<meta property=\"og:type\" content=\"article\" \/>\n<meta property=\"og:title\" content=\"Aviso legal - UAUU weddings &amp; events\" \/>\n<meta property=\"og:description\" content=\"Aviso legal y condiciones de uso del sitio webDe acuerdo con el deber de informaci\u00f3n establecido en la Ley 34\/2002, de 11 de julio, de Servicios de la Informaci\u00f3n y Comercio Electr\u00f3nico, a continuaci\u00f3n se indican los datos de informaci\u00f3n general del sitio web www.uauu.cat Datos identificativos Identidad CAROL GASTRONOMIA, SL CIF B-66216946 Datos registrales [&hellip;]\" \/>\n<meta property=\"og:url\" content=\"https:\/\/www.uauu.cat\/es\/aviso-legal\/\" \/>\n<meta property=\"og:site_name\" content=\"UAUU weddings &amp; events\" \/>\n<meta property=\"article:publisher\" content=\"https:\/\/www.facebook.com\/EspaiGastronomia\/\" \/>\n<meta property=\"article:modified_time\" content=\"2025-10-02T10:42:53+00:00\" \/>\n<meta property=\"og:image\" content=\"https:\/\/www.uauu.cat\/wp-content\/uploads\/2016\/09\/casament-can-macia-espai-gastronomia19.jpg\" \/>\n\t<meta property=\"og:image:width\" content=\"1398\" \/>\n\t<meta property=\"og:image:height\" content=\"930\" \/>\n\t<meta property=\"og:image:type\" content=\"image\/jpeg\" \/>\n<meta name=\"twitter:card\" content=\"summary_large_image\" \/>\n<meta name=\"twitter:site\" content=\"@E_Gastronomia\" \/>\n<meta name=\"twitter:label1\" content=\"Tiempo de lectura\" \/>\n\t<meta name=\"twitter:data1\" content=\"13 minutos\" \/>\n<script type=\"application\/ld+json\" class=\"yoast-schema-graph\">{\"@context\":\"https:\\\/\\\/schema.org\",\"@graph\":[{\"@type\":\"WebPage\",\"@id\":\"https:\\\/\\\/www.uauu.cat\\\/es\\\/aviso-legal\\\/\",\"url\":\"https:\\\/\\\/www.uauu.cat\\\/es\\\/aviso-legal\\\/\",\"name\":\"Aviso legal - UAUU weddings &amp; events\",\"isPartOf\":{\"@id\":\"https:\\\/\\\/www.uauu.cat\\\/es\\\/#website\"},\"datePublished\":\"2025-02-13T15:27:54+00:00\",\"dateModified\":\"2025-10-02T10:42:53+00:00\",\"breadcrumb\":{\"@id\":\"https:\\\/\\\/www.uauu.cat\\\/es\\\/aviso-legal\\\/#breadcrumb\"},\"inLanguage\":\"es\",\"potentialAction\":[{\"@type\":\"ReadAction\",\"target\":[\"https:\\\/\\\/www.uauu.cat\\\/es\\\/aviso-legal\\\/\"]}]},{\"@type\":\"BreadcrumbList\",\"@id\":\"https:\\\/\\\/www.uauu.cat\\\/es\\\/aviso-legal\\\/#breadcrumb\",\"itemListElement\":[{\"@type\":\"ListItem\",\"position\":1,\"name\":\"Home\",\"item\":\"https:\\\/\\\/www.uauu.cat\\\/es\\\/\"},{\"@type\":\"ListItem\",\"position\":2,\"name\":\"Aviso legal\"}]},{\"@type\":\"WebSite\",\"@id\":\"https:\\\/\\\/www.uauu.cat\\\/es\\\/#website\",\"url\":\"https:\\\/\\\/www.uauu.cat\\\/es\\\/\",\"name\":\"UAUU\",\"description\":\"Ca n\u2019Alzina, Can Maci\u00e0, Castell de Tous, Mas Vivencs\",\"publisher\":{\"@id\":\"https:\\\/\\\/www.uauu.cat\\\/es\\\/#organization\"},\"potentialAction\":[{\"@type\":\"SearchAction\",\"target\":{\"@type\":\"EntryPoint\",\"urlTemplate\":\"https:\\\/\\\/www.uauu.cat\\\/es\\\/?s={search_term_string}\"},\"query-input\":{\"@type\":\"PropertyValueSpecification\",\"valueRequired\":true,\"valueName\":\"search_term_string\"}}],\"inLanguage\":\"es\"},{\"@type\":\"Organization\",\"@id\":\"https:\\\/\\\/www.uauu.cat\\\/es\\\/#organization\",\"name\":\"Espai gastronomia\",\"url\":\"https:\\\/\\\/www.uauu.cat\\\/es\\\/\",\"logo\":{\"@type\":\"ImageObject\",\"inLanguage\":\"es\",\"@id\":\"https:\\\/\\\/www.uauu.cat\\\/es\\\/#\\\/schema\\\/logo\\\/image\\\/\",\"url\":\"https:\\\/\\\/www.uauu.cat\\\/wp-content\\\/uploads\\\/2024\\\/04\\\/uauu-logo-1.png\",\"contentUrl\":\"https:\\\/\\\/www.uauu.cat\\\/wp-content\\\/uploads\\\/2024\\\/04\\\/uauu-logo-1.png\",\"width\":350,\"height\":113,\"caption\":\"Espai gastronomia\"},\"image\":{\"@id\":\"https:\\\/\\\/www.uauu.cat\\\/es\\\/#\\\/schema\\\/logo\\\/image\\\/\"},\"sameAs\":[\"https:\\\/\\\/www.facebook.com\\\/EspaiGastronomia\\\/\",\"https:\\\/\\\/x.com\\\/E_Gastronomia\",\"https:\\\/\\\/www.instagram.com\\\/espai.gastronomia\\\/\"]}]}<\/script>\n<!-- \/ Yoast SEO plugin. -->","yoast_head_json":{"title":"Aviso legal - UAUU weddings &amp; events","robots":{"index":"index","follow":"follow","max-snippet":"max-snippet:-1","max-image-preview":"max-image-preview:large","max-video-preview":"max-video-preview:-1"},"canonical":"https:\/\/www.uauu.cat\/es\/aviso-legal\/","og_locale":"es_ES","og_type":"article","og_title":"Aviso legal - UAUU weddings &amp; events","og_description":"Aviso legal y condiciones de uso del sitio webDe acuerdo con el deber de informaci\u00f3n establecido en la Ley 34\/2002, de 11 de julio, de Servicios de la Informaci\u00f3n y Comercio Electr\u00f3nico, a continuaci\u00f3n se indican los datos de informaci\u00f3n general del sitio web www.uauu.cat Datos identificativos Identidad CAROL GASTRONOMIA, SL CIF B-66216946 Datos registrales [&hellip;]","og_url":"https:\/\/www.uauu.cat\/es\/aviso-legal\/","og_site_name":"UAUU weddings &amp; events","article_publisher":"https:\/\/www.facebook.com\/EspaiGastronomia\/","article_modified_time":"2025-10-02T10:42:53+00:00","og_image":[{"width":1398,"height":930,"url":"https:\/\/www.uauu.cat\/wp-content\/uploads\/2016\/09\/casament-can-macia-espai-gastronomia19.jpg","type":"image\/jpeg"}],"twitter_card":"summary_large_image","twitter_site":"@E_Gastronomia","twitter_misc":{"Tiempo de lectura":"13 minutos"},"schema":{"@context":"https:\/\/schema.org","@graph":[{"@type":"WebPage","@id":"https:\/\/www.uauu.cat\/es\/aviso-legal\/","url":"https:\/\/www.uauu.cat\/es\/aviso-legal\/","name":"Aviso legal - UAUU weddings &amp; events","isPartOf":{"@id":"https:\/\/www.uauu.cat\/es\/#website"},"datePublished":"2025-02-13T15:27:54+00:00","dateModified":"2025-10-02T10:42:53+00:00","breadcrumb":{"@id":"https:\/\/www.uauu.cat\/es\/aviso-legal\/#breadcrumb"},"inLanguage":"es","potentialAction":[{"@type":"ReadAction","target":["https:\/\/www.uauu.cat\/es\/aviso-legal\/"]}]},{"@type":"BreadcrumbList","@id":"https:\/\/www.uauu.cat\/es\/aviso-legal\/#breadcrumb","itemListElement":[{"@type":"ListItem","position":1,"name":"Home","item":"https:\/\/www.uauu.cat\/es\/"},{"@type":"ListItem","position":2,"name":"Aviso legal"}]},{"@type":"WebSite","@id":"https:\/\/www.uauu.cat\/es\/#website","url":"https:\/\/www.uauu.cat\/es\/","name":"UAUU","description":"Ca n\u2019Alzina, Can Maci\u00e0, Castell de Tous, Mas Vivencs","publisher":{"@id":"https:\/\/www.uauu.cat\/es\/#organization"},"potentialAction":[{"@type":"SearchAction","target":{"@type":"EntryPoint","urlTemplate":"https:\/\/www.uauu.cat\/es\/?s={search_term_string}"},"query-input":{"@type":"PropertyValueSpecification","valueRequired":true,"valueName":"search_term_string"}}],"inLanguage":"es"},{"@type":"Organization","@id":"https:\/\/www.uauu.cat\/es\/#organization","name":"Espai gastronomia","url":"https:\/\/www.uauu.cat\/es\/","logo":{"@type":"ImageObject","inLanguage":"es","@id":"https:\/\/www.uauu.cat\/es\/#\/schema\/logo\/image\/","url":"https:\/\/www.uauu.cat\/wp-content\/uploads\/2024\/04\/uauu-logo-1.png","contentUrl":"https:\/\/www.uauu.cat\/wp-content\/uploads\/2024\/04\/uauu-logo-1.png","width":350,"height":113,"caption":"Espai gastronomia"},"image":{"@id":"https:\/\/www.uauu.cat\/es\/#\/schema\/logo\/image\/"},"sameAs":["https:\/\/www.facebook.com\/EspaiGastronomia\/","https:\/\/x.com\/E_Gastronomia","https:\/\/www.instagram.com\/espai.gastronomia\/"]}]}},"_links":{"self":[{"href":"https:\/\/www.uauu.cat\/es\/wp-json\/wp\/v2\/pages\/221043","targetHints":{"allow":["GET"]}}],"collection":[{"href":"https:\/\/www.uauu.cat\/es\/wp-json\/wp\/v2\/pages"}],"about":[{"href":"https:\/\/www.uauu.cat\/es\/wp-json\/wp\/v2\/types\/page"}],"author":[{"embeddable":true,"href":"https:\/\/www.uauu.cat\/es\/wp-json\/wp\/v2\/users\/4"}],"replies":[{"embeddable":true,"href":"https:\/\/www.uauu.cat\/es\/wp-json\/wp\/v2\/comments?post=221043"}],"version-history":[{"count":4,"href":"https:\/\/www.uauu.cat\/es\/wp-json\/wp\/v2\/pages\/221043\/revisions"}],"predecessor-version":[{"id":224470,"href":"https:\/\/www.uauu.cat\/es\/wp-json\/wp\/v2\/pages\/221043\/revisions\/224470"}],"wp:attachment":[{"href":"https:\/\/www.uauu.cat\/es\/wp-json\/wp\/v2\/media?parent=221043"}],"curies":[{"name":"wp","href":"https:\/\/api.w.org\/{rel}","templated":true}]}}